{"id":81,"date":"2020-09-30T11:38:48","date_gmt":"2020-09-30T09:38:48","guid":{"rendered":"https:\/\/liveimpulse.com\/?page_id=81"},"modified":"2022-02-15T14:05:01","modified_gmt":"2022-02-15T13:05:01","slug":"for-partners","status":"publish","type":"page","link":"https:\/\/liveimpulse.com\/de\/for-partners\/","title":{"rendered":"Was wir begr\u00fc\u00dfen - Gesch\u00e4ftspartner"},"content":{"rendered":"<section id=\"builder-section-text_28\" class=\"builder-section-first builder-section builder-section-text builder-section-next-text builder-text-columns-1\" style=\"background-size: cover; background-repeat: no-repeat;background-position: center center;\">\n<div class=\"builder-section-content\">\n<div class=\"builder-text-row\">\n<div class=\"builder-text-column builder-text-column-1\" id=\"builder-section-text_28-column-1\">\n<div class=\"builder-text-content\">\n<p style=\"text-align: center;\"><span style=\"color: #003366; font-size: 18pt;\">Was wir begr\u00fc\u00dfen<\/span><\/p>\n<p style=\"text-align: center;\"><span style=\"color: #008000;\">Wir freuen uns darauf, mit Partnern zu kooperieren, die das Interesse an unseren Zielgruppen und Intentionen teilen <br \/>- ob f\u00fcr einzelne Projekte oder f\u00fcr l\u00e4ngere Kooperationen.<br \/>Es gibt mehrere M\u00f6glichkeiten, miteinander zu kooperieren. <br \/>Lassen Sie uns dar\u00fcber reden - Sie wissen ja, \"durch's Reden kommen d'Leut z'am\".<br \/><\/span><\/p>\n<\/p><\/div>\n<\/p><\/div>\n<\/p><\/div>\n<\/p><\/div>\n<\/section>\n<section id=\"builder-section-text_54\" class=\"builder-section-prev-text builder-section builder-section-text builder-section-last builder-text-columns-3\" style=\"background-size: cover; background-repeat: no-repeat;background-position: center center;\">\n<div class=\"builder-section-content\">\n<div class=\"builder-text-row\">\n<div class=\"builder-text-column builder-text-column-1\" id=\"builder-section-text_54-column-1\">\n<div class=\"builder-text-content\">\n<p style=\"text-align: center;\"><a href=\"https:\/\/liveimpulse.com\/index.php\/services-for-medical-partners\/\"><img loading=\"lazy\" class=\"alignnone wp-image-545 size-medium\" src=\"https:\/\/liveimpulse.com\/wp-content\/uploads\/2022\/02\/website-medical-300x199.png\" alt=\"\" width=\"300\" height=\"199\" srcset=\"https:\/\/liveimpulse.com\/wp-content\/uploads\/2022\/02\/website-medical-300x199.png 300w, https:\/\/liveimpulse.com\/wp-content\/uploads\/2022\/02\/website-medical-768x510.png 768w, https:\/\/liveimpulse.com\/wp-content\/uploads\/2022\/02\/website-medical-16x12.png 16w, https:\/\/liveimpulse.com\/wp-content\/uploads\/2022\/02\/website-medical.png 844w\" sizes=\"(max-width: 300px) 100vw, 300px\" \/><\/a><\/p>\n<p style=\"text-align: center;\"><span style=\"color: #339966;\"><a style=\"color: #339966;\" href=\"https:\/\/liveimpulse.com\/index.php\/services-for-medical-partners\/\"><strong>Login f\u00fcr Partner aus dem medizinischen Bereich<br \/><\/strong><\/a><\/span><span style=\"color: #008080;\"><br \/><\/span><\/p>\n<\/p><\/div>\n<\/p><\/div>\n<div class=\"builder-text-column builder-text-column-2\" id=\"builder-section-text_54-column-2\">\n<div class=\"builder-text-content\">\n<p style=\"text-align: center;\"><a href=\"https:\/\/liveimpulse.com\/index.php\/services-for-various-supplier\/\"><img loading=\"lazy\" class=\"alignnone wp-image-546 size-medium\" src=\"https:\/\/liveimpulse.com\/wp-content\/uploads\/2022\/02\/webssite-partners-300x199.png\" alt=\"\" width=\"300\" height=\"199\" srcset=\"https:\/\/liveimpulse.com\/wp-content\/uploads\/2022\/02\/webssite-partners-300x199.png 300w, https:\/\/liveimpulse.com\/wp-content\/uploads\/2022\/02\/webssite-partners-768x510.png 768w, https:\/\/liveimpulse.com\/wp-content\/uploads\/2022\/02\/webssite-partners-16x12.png 16w, https:\/\/liveimpulse.com\/wp-content\/uploads\/2022\/02\/webssite-partners.png 844w\" sizes=\"(max-width: 300px) 100vw, 300px\" \/><\/a><\/p>\n<p style=\"text-align: center;\"><span style=\"color: #333399;\"><strong><span style=\"color: #0000ff;\"><a style=\"color: #0000ff;\" href=\"https:\/\/liveimpulse.com\/index.php\/services-for-financial-supplier\/\">Login f\u00fcr Gesch\u00e4ftspartner aus anderen Branchen<\/a><\/span><br \/><\/strong><\/span><\/p>\n<\/p><\/div>\n<\/p><\/div>\n<div class=\"builder-text-column builder-text-column-3\" id=\"builder-section-text_54-column-3\">\n<div class=\"builder-text-content\">\n<p><a href=\"https:\/\/liveimpulse.com\/index.php\/service-for-potential-partners\/\"><img loading=\"lazy\" class=\"size-full wp-image-261 aligncenter\" src=\"https:\/\/liveimpulse.com\/wp-content\/uploads\/2020\/10\/LI-partners-300-1.jpg\" alt=\"\" width=\"300\" height=\"200\" \/><\/a><\/p>\n<p style=\"text-align: center;\"><a href=\"https:\/\/liveimpulse.com\/index.php\/service-for-potential-partners\/\"><span style=\"color: #003366;\"><strong>Login f\u00fcr alle, die an Kooperationen interessiert sind.<\/strong><\/span><\/a><\/p>\n<\/p><\/div>\n<\/p><\/div>\n<\/p><\/div>\n<\/p><\/div>\n<\/section>","protected":false},"excerpt":{"rendered":"<p>What we welcome We are happy to partner with those who share the same interests in our target-groups and goals &#8211; whether for single projects or in the long run.There\u00a0 are multiple possibilities to support each other. Let&#8217;s talk about it &#8211; as you know, talking brings people and business\u2019 together. Login for partners who &hellip;<\/p>","protected":false},"author":1,"featured_media":0,"parent":0,"menu_order":0,"comment_status":"closed","ping_status":"closed","template":"template-builder.php","meta":[],"_links":{"self":[{"href":"https:\/\/liveimpulse.com\/de\/wp-json\/wp\/v2\/pages\/81"}],"collection":[{"href":"https:\/\/liveimpulse.com\/de\/wp-json\/wp\/v2\/pages"}],"about":[{"href":"https:\/\/liveimpulse.com\/de\/wp-json\/wp\/v2\/types\/page"}],"author":[{"embeddable":true,"href":"https:\/\/liveimpulse.com\/de\/wp-json\/wp\/v2\/users\/1"}],"replies":[{"embeddable":true,"href":"https:\/\/liveimpulse.com\/de\/wp-json\/wp\/v2\/comments?post=81"}],"version-history":[{"count":20,"href":"https:\/\/liveimpulse.com\/de\/wp-json\/wp\/v2\/pages\/81\/revisions"}],"predecessor-version":[{"id":549,"href":"https:\/\/liveimpulse.com\/de\/wp-json\/wp\/v2\/pages\/81\/revisions\/549"}],"wp:attachment":[{"href":"https:\/\/liveimpulse.com\/de\/wp-json\/wp\/v2\/media?parent=81"}],"curies":[{"name":"wp","href":"https:\/\/api.w.org\/{rel}","templated":true}]}}