{"id":316,"date":"2020-10-29T13:17:20","date_gmt":"2020-10-29T12:17:20","guid":{"rendered":"https:\/\/liveimpulse.com\/?page_id=316"},"modified":"2022-07-29T10:26:36","modified_gmt":"2022-07-29T08:26:36","slug":"service-for-potential-partners","status":"publish","type":"page","link":"https:\/\/liveimpulse.com\/de\/service-for-potential-partners\/","title":{"rendered":"Service f\u00fcr potentielle Partner"},"content":{"rendered":"<section id=\"builder-section-text_28\" class=\"builder-section-first builder-section builder-section-text builder-section-next-text builder-text-columns-1\" style=\"background-size: cover; background-repeat: no-repeat;background-position: center center;\">\n<div class=\"builder-section-content\">\n<div class=\"builder-text-row\">\n<div class=\"builder-text-column builder-text-column-1\" id=\"builder-section-text_28-column-1\">\n<div class=\"builder-text-content\">\n<p style=\"text-align: center;\"><span style=\"font-size: 18pt; color: #003366;\">Unser Service f\u00fcr potentielle Partner<\/span><\/p>\n<p style=\"text-align: center;\"><img loading=\"lazy\" class=\"alignnone wp-image-562 size-full\" src=\"https:\/\/liveimpulse.com\/wp-content\/uploads\/2022\/02\/webseite-coop.png\" alt=\"\" width=\"844\" height=\"560\" srcset=\"https:\/\/liveimpulse.com\/wp-content\/uploads\/2022\/02\/webseite-coop.png 844w, https:\/\/liveimpulse.com\/wp-content\/uploads\/2022\/02\/webseite-coop-300x199.png 300w, https:\/\/liveimpulse.com\/wp-content\/uploads\/2022\/02\/webseite-coop-768x510.png 768w, https:\/\/liveimpulse.com\/wp-content\/uploads\/2022\/02\/webseite-coop-16x12.png 16w\" sizes=\"(max-width: 844px) 100vw, 844px\" \/><\/p>\n<p style=\"text-align: center;\"><strong>Wir kooperieren mit verschiedenen Partnern um Effizienz und Erfolg f\u00fcr unsere Kunden und Auftraggeber zu vervielfachen.<\/strong><br \/>Wir teilen und tauschen Dienste &amp; Aktivit\u00e4ten mit interessieren Partnern zum beiderseitigen Vorteil.<\/p>\n<\/p><\/div>\n<\/p><\/div>\n<\/p><\/div>\n<\/p><\/div>\n<\/section>\n<section id=\"builder-section-text_54\" class=\"builder-section-prev-text builder-section builder-section-text builder-section-last builder-text-columns-2\" style=\"background-size: cover; background-repeat: no-repeat;background-position: center center;\">\n<div class=\"builder-section-content\">\n<div class=\"builder-text-row\">\n<div class=\"builder-text-column builder-text-column-1\" id=\"builder-section-text_54-column-1\">\n<div class=\"builder-text-content\">\n<p><img loading=\"lazy\" class=\"aligncenter wp-image-346 size-full\" src=\"https:\/\/liveimpulse.com\/wp-content\/uploads\/2020\/11\/LI-Business-b-300.jpg\" alt=\"\" width=\"300\" height=\"201\" \/><\/p>\n<\/p><\/div>\n<\/p><\/div>\n<div class=\"builder-text-column builder-text-column-2\" id=\"builder-section-text_54-column-2\">\n<div class=\"builder-text-content\">\n<ul>\n<li><strong style=\"color: #107dac;\">Wenn Sie an einer Zusammenarbeit mit uns gleich welcher  Art interessiert sind, freuen wir uns auf Ihre Anfrage.<\/strong><\/li>\n<\/ul>\n\n<div class=\"wpcf7 no-js\" id=\"wpcf7-f372-o1\" lang=\"de-DE\" dir=\"ltr\">\n<div class=\"screen-reader-response\"><p role=\"status\" aria-live=\"polite\" aria-atomic=\"true\"><\/p> <ul><\/ul><\/div>\n<form action=\"\/de\/wp-json\/wp\/v2\/pages\/316#wpcf7-f372-o1\" method=\"post\" class=\"wpcf7-form init\" aria-label=\"Kontaktformular\" novalidate=\"novalidate\" data-status=\"init\" data-trp-original-action=\"\/de\/wp-json\/wp\/v2\/pages\/316#wpcf7-f372-o1\">\n<div style=\"display: none;\">\n<input type=\"hidden\" name=\"_wpcf7\" value=\"372\" \/>\n<input type=\"hidden\" name=\"_wpcf7_version\" value=\"5.7.4\" \/>\n<input type=\"hidden\" name=\"_wpcf7_locale\" value=\"de_DE\" \/>\n<input type=\"hidden\" name=\"_wpcf7_unit_tag\" value=\"wpcf7-f372-o1\" \/>\n<input type=\"hidden\" name=\"_wpcf7_container_post\" value=\"0\" \/>\n<input type=\"hidden\" name=\"_wpcf7_posted_data_hash\" value=\"\" \/>\n<\/div>\n<p><label> Ihr Titel, Vorname und Nachname<br \/>\n<span class=\"wpcf7-form-control-wrap\" data-name=\"your-name\"><input size=\"40\" class=\"wpcf7-form-control wpcf7-text wpcf7-validates-as-required\" aria-required=\"true\" aria-invalid=\"false\" value=\"\" type=\"text\" name=\"your-name\" \/><\/span> <\/label>\n<\/p>\n<p><label> Ihre Emailadresse<br \/>\n<span class=\"wpcf7-form-control-wrap\" data-name=\"your-email\"><input size=\"40\" class=\"wpcf7-form-control wpcf7-text wpcf7-email wpcf7-validates-as-required wpcf7-validates-as-email\" aria-required=\"true\" aria-invalid=\"false\" value=\"\" type=\"email\" name=\"your-email\" \/><\/span> <\/label>\n<\/p>\n<p><label> Ihre Telefonnummer<br \/>\n<span class=\"wpcf7-form-control-wrap\" data-name=\"tel-906\"><input size=\"40\" class=\"wpcf7-form-control wpcf7-text wpcf7-tel wpcf7-validates-as-tel\" aria-invalid=\"false\" value=\"\" type=\"tel\" name=\"tel-906\" \/><\/span> <\/label>\n<\/p>\n<p><label> Ihr Fachgebiet<br \/>\n<span class=\"wpcf7-form-control-wrap\" data-name=\"your-business\"><textarea cols=\"40\" rows=\"10\" class=\"wpcf7-form-control wpcf7-textarea\" aria-invalid=\"false\" name=\"your-business\"><\/textarea><\/span> <\/label>\n<\/p>\n<p><label> Bitte \u00fcbermitteln Sie mir weitere Details \u00fcber  eine m\u00f6gliche Zusammenarbeit. Danke.<br \/>\n<\/label>\n<\/p>\n<p><label> Ihre zus\u00e4tzliche Nachricht<br \/>\n<span class=\"wpcf7-form-control-wrap\" data-name=\"your-message\"><textarea cols=\"40\" rows=\"10\" class=\"wpcf7-form-control wpcf7-textarea\" aria-invalid=\"false\" name=\"your-message\"><\/textarea><\/span> <\/label>\n<\/p>\n<p><span class=\"wpcf7-form-control-wrap\" data-name=\"capital-quiz\"><label><span class=\"wpcf7-quiz-label\">The capital of Germany?<\/span> <input size=\"40\" class=\"wpcf7-form-control wpcf7-quiz\" autocomplete=\"off\" aria-required=\"true\" aria-invalid=\"false\" type=\"text\" name=\"capital-quiz\" \/><\/label><input type=\"hidden\" name=\"_wpcf7_quiz_answer_capital-quiz\" value=\"7985ba58536dae5aaa325213399a50c3\" \/><\/span>\n<\/p>\n<p><input class=\"wpcf7-form-control has-spinner wpcf7-submit\" type=\"submit\" value=\"Senden\" \/>\n<\/p><div class=\"wpcf7-response-output\" aria-hidden=\"true\"><\/div>\n<input type=\"hidden\" name=\"trp-form-language\" value=\"de\"\/><\/form>\n<\/div>\n\n<\/p><\/div>\n<\/p><\/div>\n<\/p><\/div>\n<\/p><\/div>\n<\/section>","protected":false},"excerpt":{"rendered":"<p>Our services for potential partners We cooperate with various partners in order to multiply efficiency and achievement for our customers as well as for our clients.We exchange services and activities with interested parties for a mutual benefit. If you are interested in a cooperation of any kind\u00a0 we are looking forward to receive your request.<\/p>","protected":false},"author":1,"featured_media":0,"parent":0,"menu_order":0,"comment_status":"closed","ping_status":"closed","template":"template-builder.php","meta":[],"_links":{"self":[{"href":"https:\/\/liveimpulse.com\/de\/wp-json\/wp\/v2\/pages\/316"}],"collection":[{"href":"https:\/\/liveimpulse.com\/de\/wp-json\/wp\/v2\/pages"}],"about":[{"href":"https:\/\/liveimpulse.com\/de\/wp-json\/wp\/v2\/types\/page"}],"author":[{"embeddable":true,"href":"https:\/\/liveimpulse.com\/de\/wp-json\/wp\/v2\/users\/1"}],"replies":[{"embeddable":true,"href":"https:\/\/liveimpulse.com\/de\/wp-json\/wp\/v2\/comments?post=316"}],"version-history":[{"count":26,"href":"https:\/\/liveimpulse.com\/de\/wp-json\/wp\/v2\/pages\/316\/revisions"}],"predecessor-version":[{"id":416,"href":"https:\/\/liveimpulse.com\/de\/wp-json\/wp\/v2\/pages\/316\/revisions\/416"}],"wp:attachment":[{"href":"https:\/\/liveimpulse.com\/de\/wp-json\/wp\/v2\/media?parent=316"}],"curies":[{"name":"wp","href":"https:\/\/api.w.org\/{rel}","templated":true}]}}