{"id":275,"date":"2020-10-27T17:16:12","date_gmt":"2020-10-27T16:16:12","guid":{"rendered":"https:\/\/liveimpulse.com\/?page_id=275"},"modified":"2022-02-15T15:24:52","modified_gmt":"2022-02-15T14:24:52","slug":"services-for-various-supplier","status":"publish","type":"page","link":"https:\/\/liveimpulse.com\/de\/services-for-various-supplier\/","title":{"rendered":"Services for various suppliers"},"content":{"rendered":"<section id=\"builder-section-text_28\" class=\"builder-section-first builder-section builder-section-text builder-section-next-text builder-text-columns-1\" style=\"background-size: cover; background-repeat: no-repeat;background-position: center center;\">\n<div class=\"builder-section-content\">\n<div class=\"builder-text-row\">\n<div class=\"builder-text-column builder-text-column-1\" id=\"builder-section-text_28-column-1\">\n<div class=\"builder-text-content\">\n<section id=\"builder-section-text_28\" class=\"builder-section-first builder-section builder-section-text builder-section-next-text builder-text-columns-1\">\n<div class=\"builder-section-content\">\n<div class=\"builder-text-row\">\n<div id=\"builder-section-text_28-column-1\" class=\"builder-text-column builder-text-column-1\">\n<div class=\"builder-text-content\">\n<p style=\"text-align: center;\"><span style=\"color: #333399; font-size: 18pt;\">Unser Service f\u00fcr Anbieter verschiedener Dienste<\/span><\/p>\n<p><img loading=\"lazy\" class=\"aligncenter wp-image-554 size-full\" src=\"https:\/\/liveimpulse.com\/wp-content\/uploads\/2022\/02\/website-partners-2.png\" alt=\"\" width=\"843\" height=\"559\" srcset=\"https:\/\/liveimpulse.com\/wp-content\/uploads\/2022\/02\/website-partners-2.png 843w, https:\/\/liveimpulse.com\/wp-content\/uploads\/2022\/02\/website-partners-2-300x199.png 300w, https:\/\/liveimpulse.com\/wp-content\/uploads\/2022\/02\/website-partners-2-768x509.png 768w, https:\/\/liveimpulse.com\/wp-content\/uploads\/2022\/02\/website-partners-2-16x12.png 16w\" sizes=\"(max-width: 843px) 100vw, 843px\" \/><\/p>\n<p><span style=\"color: #000080;\">Um Ihren <strong>eigenen Service<\/strong> zu unterst\u00fctzen, bieten wir Ihnen<\/span> <span style=\"color: #ff6600;\"><strong>Ratgeber, Gebrauchsanweisungen und jede andere Art von Hand-outs.<\/strong>.\u00a0 <\/span><span style=\"color: #000080;\">Sie beiten profunde Informationen \u00fcber  den Gegenstand, \u00fcber welchen Sie Ihre Kunden zu informieren w\u00fcnschen.<\/span><\/p>\n<\/div>\n<\/div>\n<\/div>\n<\/div>\n<\/section><\/div>\n<\/p><\/div>\n<\/p><\/div>\n<\/p><\/div>\n<\/section>\n<section id=\"builder-section-text_467\" class=\"builder-section-prev-text builder-section builder-section-text builder-section-last builder-text-columns-2\" style=\"background-size: cover; background-repeat: no-repeat;background-position: center center;\">\n<div class=\"builder-section-content\">\n<div class=\"builder-text-row\">\n<div class=\"builder-text-column builder-text-column-1\" id=\"builder-section-text_467-column-1\">\n<div class=\"builder-text-content\">\n<p><img loading=\"lazy\" class=\"aligncenter wp-image-560 size-full\" src=\"https:\/\/liveimpulse.com\/wp-content\/uploads\/2022\/02\/storytelling.jpg\" alt=\"\" width=\"960\" height=\"540\" srcset=\"https:\/\/liveimpulse.com\/wp-content\/uploads\/2022\/02\/storytelling.jpg 960w, https:\/\/liveimpulse.com\/wp-content\/uploads\/2022\/02\/storytelling-300x169.jpg 300w, https:\/\/liveimpulse.com\/wp-content\/uploads\/2022\/02\/storytelling-768x432.jpg 768w, https:\/\/liveimpulse.com\/wp-content\/uploads\/2022\/02\/storytelling-16x9.jpg 16w\" sizes=\"(max-width: 960px) 100vw, 960px\" \/><\/p>\n<\/p><\/div>\n<\/p><\/div>\n<div class=\"builder-text-column builder-text-column-2\" id=\"builder-section-text_467-column-2\">\n<div class=\"builder-text-content\">\n<p><span style=\"color: #008080;\"><strong>Jede Wissenssammlung und Weisheit gem\u00e4\u00df Ihrem speziellen Verwendungszweck.<\/strong><\/span><\/p>\n<ul>\n<li><span style=\"color: #008080;\">Gesundheit<\/span><\/li>\n<li><span style=\"color: #008080;\">Ern\u00e4hrung<\/span><\/li>\n<li><span style=\"color: #008080;\">Mode \/Beauty<\/span><\/li>\n<li><span style=\"color: #008080;\">Interieur<\/span><\/li>\n<li><span style=\"color: #008080;\">Finanzthemen <\/span><\/li>\n<li><span style=\"color: #008080;\">Geschichte<\/span><\/li>\n<li><span style=\"color: #008080;\">Automobile  und vieles mehr<\/span><\/li>\n<li><span style=\"color: #003366;\"><span style=\"color: #003366;\"><span style=\"color: #008080;\">Fitness, Wohlbefinden und Lebensstil<\/span><\/span><\/span><\/li>\n<li><span style=\"color: #008080;\">Reisen<\/span><\/li>\n<li><span style=\"color: #008080;\">und mehr<\/span><\/li>\n<\/ul>\n<p><span style=\"color: #107dac;\"><strong>In jedem Falle freuen wir uns auf Ihre Anfrage.<br \/><\/strong><\/span><\/p>\n\n<div class=\"wpcf7 no-js\" id=\"wpcf7-f366-o1\" lang=\"de-DE\" dir=\"ltr\">\n<div class=\"screen-reader-response\"><p role=\"status\" aria-live=\"polite\" aria-atomic=\"true\"><\/p> <ul><\/ul><\/div>\n<form action=\"\/de\/wp-json\/wp\/v2\/pages\/275#wpcf7-f366-o1\" method=\"post\" class=\"wpcf7-form init\" aria-label=\"Kontaktformular\" novalidate=\"novalidate\" data-status=\"init\" data-trp-original-action=\"\/de\/wp-json\/wp\/v2\/pages\/275#wpcf7-f366-o1\">\n<div style=\"display: none;\">\n<input type=\"hidden\" name=\"_wpcf7\" value=\"366\" \/>\n<input type=\"hidden\" name=\"_wpcf7_version\" value=\"5.7.4\" \/>\n<input type=\"hidden\" name=\"_wpcf7_locale\" value=\"de_DE\" \/>\n<input type=\"hidden\" name=\"_wpcf7_unit_tag\" value=\"wpcf7-f366-o1\" \/>\n<input type=\"hidden\" name=\"_wpcf7_container_post\" value=\"0\" \/>\n<input type=\"hidden\" name=\"_wpcf7_posted_data_hash\" value=\"\" \/>\n<\/div>\n<p><label> Ihr Titel, Vorname und Nachname<br \/>\n<span class=\"wpcf7-form-control-wrap\" data-name=\"your-name\"><input size=\"40\" class=\"wpcf7-form-control wpcf7-text wpcf7-validates-as-required\" aria-required=\"true\" aria-invalid=\"false\" value=\"\" type=\"text\" name=\"your-name\" \/><\/span> <\/label>\n<\/p>\n<p><label> Ihre Emailadresse<br \/>\n<span class=\"wpcf7-form-control-wrap\" data-name=\"your-email\"><input size=\"40\" class=\"wpcf7-form-control wpcf7-text wpcf7-email wpcf7-validates-as-required wpcf7-validates-as-email\" aria-required=\"true\" aria-invalid=\"false\" value=\"\" type=\"email\" name=\"your-email\" \/><\/span> <\/label>\n<\/p>\n<p><label> Ihre Telefonnummer<br \/>\n<span class=\"wpcf7-form-control-wrap\" data-name=\"tel-906\"><input size=\"40\" class=\"wpcf7-form-control wpcf7-text wpcf7-tel wpcf7-validates-as-tel\" aria-invalid=\"false\" value=\"\" type=\"tel\" name=\"tel-906\" \/><\/span> <\/label>\n<\/p>\n<p><label> Ihr Fachgebiet<br \/>\n<span class=\"wpcf7-form-control-wrap\" data-name=\"your-business\"><textarea cols=\"40\" rows=\"10\" class=\"wpcf7-form-control wpcf7-textarea\" aria-invalid=\"false\" name=\"your-business\"><\/textarea><\/span> <\/label>\n<\/p>\n<p><label> Ihre zus\u00e4tzliche Nachricht<br \/>\n<span class=\"wpcf7-form-control-wrap\" data-name=\"your-message\"><textarea cols=\"40\" rows=\"10\" class=\"wpcf7-form-control wpcf7-textarea\" aria-invalid=\"false\" name=\"your-message\"><\/textarea><\/span> <\/label>\n<\/p>\n<p><span class=\"wpcf7-form-control-wrap\" data-name=\"math-quiz\"><label><span class=\"wpcf7-quiz-label\">11+4=?<\/span> <input size=\"40\" class=\"wpcf7-form-control wpcf7-quiz\" autocomplete=\"off\" aria-required=\"true\" aria-invalid=\"false\" type=\"text\" name=\"math-quiz\" \/><\/label><input type=\"hidden\" name=\"_wpcf7_quiz_answer_math-quiz\" value=\"408af3d916dd9962a9720c0f62abf58d\" \/><\/span>\n<\/p>\n<p><input class=\"wpcf7-form-control has-spinner wpcf7-submit\" type=\"submit\" value=\"Senden\" \/>\n<\/p><div class=\"wpcf7-response-output\" aria-hidden=\"true\"><\/div>\n<input type=\"hidden\" name=\"trp-form-language\" value=\"de\"\/><\/form>\n<\/div>\n\n<\/p><\/div>\n<\/p><\/div>\n<\/p><\/div>\n<\/p><\/div>\n<\/section>","protected":false},"excerpt":{"rendered":"<p>Our services for provider of various supplier In order to support your own services we offer you guidebooks, manuals or any other kind of hand-outs.\u00a0 They provide profound information about the subject you wish to inform your customers about. Any collection of knowledge and wisdom according\u00a0 to your specific goal Health Nutrition Fashion \/ Beauty &hellip;<\/p>","protected":false},"author":1,"featured_media":0,"parent":0,"menu_order":0,"comment_status":"closed","ping_status":"closed","template":"template-builder.php","meta":[],"_links":{"self":[{"href":"https:\/\/liveimpulse.com\/de\/wp-json\/wp\/v2\/pages\/275"}],"collection":[{"href":"https:\/\/liveimpulse.com\/de\/wp-json\/wp\/v2\/pages"}],"about":[{"href":"https:\/\/liveimpulse.com\/de\/wp-json\/wp\/v2\/types\/page"}],"author":[{"embeddable":true,"href":"https:\/\/liveimpulse.com\/de\/wp-json\/wp\/v2\/users\/1"}],"replies":[{"embeddable":true,"href":"https:\/\/liveimpulse.com\/de\/wp-json\/wp\/v2\/comments?post=275"}],"version-history":[{"count":30,"href":"https:\/\/liveimpulse.com\/de\/wp-json\/wp\/v2\/pages\/275\/revisions"}],"predecessor-version":[{"id":556,"href":"https:\/\/liveimpulse.com\/de\/wp-json\/wp\/v2\/pages\/275\/revisions\/556"}],"wp:attachment":[{"href":"https:\/\/liveimpulse.com\/de\/wp-json\/wp\/v2\/media?parent=275"}],"curies":[{"name":"wp","href":"https:\/\/api.w.org\/{rel}","templated":true}]}}