{"id":19,"date":"2020-06-25T20:01:13","date_gmt":"2020-06-25T18:01:13","guid":{"rendered":"https:\/\/liveimpulse.com\/?page_id=19"},"modified":"2022-08-10T14:37:22","modified_gmt":"2022-08-10T12:37:22","slug":"19-2","status":"publish","type":"page","link":"https:\/\/liveimpulse.com\/de\/","title":{"rendered":""},"content":{"rendered":"<section id=\"builder-section-text_54\" class=\"builder-section-first builder-section builder-section-text builder-section-next-text builder-text-columns-1\" style=\"background-size: cover; background-repeat: no-repeat;background-position: center center;\">\n<div class=\"builder-section-content\">\n<div class=\"builder-text-row\">\n<div class=\"builder-text-column builder-text-column-1\" id=\"builder-section-text_54-column-1\">\n<div class=\"builder-text-content\">\n<p><img loading=\"lazy\" class=\"aligncenter wp-image-32 size-full\" src=\"https:\/\/liveimpulse.com\/wp-content\/uploads\/2020\/06\/start-1-x.jpg\" alt=\"\" width=\"960\" height=\"339\" srcset=\"https:\/\/liveimpulse.com\/wp-content\/uploads\/2020\/06\/start-1-x.jpg 960w, https:\/\/liveimpulse.com\/wp-content\/uploads\/2020\/06\/start-1-x-300x106.jpg 300w, https:\/\/liveimpulse.com\/wp-content\/uploads\/2020\/06\/start-1-x-768x271.jpg 768w\" sizes=\"(max-width: 960px) 100vw, 960px\" \/><\/p>\n<blockquote>\n<p style=\"text-align: center;\"><span style=\"color: #c50000;\"><em>\"Das gr\u00f6\u00dfte Problem der Kommunikation ist die Illusion, da\u00df sie stattgefunden hat.\"<\/em><\/span><\/p>\n<\/blockquote>\n<p style=\"text-align: center;\"><span style=\"color: #003366;\">George Bernhard Shaw\u00a0<\/span><\/p>\n<hr class=\"ttfmake-hr\" style=\"border-style: solid; border-top-width: 1px;\" \/>\n<p style=\"text-align: center;\" align=\"center\"><span style=\"font-size: 14.0pt; color: #003366;\">Unser Zeitalter ist gepr\u00e4gt von Information und Kommunikation -<br \/>zu jeder Zeit, in jeglicher Form und Farbe, in jeder Phase.<\/span><span style=\"font-size: 14.0pt;\"><br \/><span style=\"color: #003366;\">Unsere Wahrnehmung war immer und ist noch eine Mischung<br \/>\u00a0von Wissen, Vermuten und F\u00fchlen.<\/span><br \/><span style=\"color: #003366;\">Weil die blo\u00dfen Fakten Gegenstand zahlloser Manipulationen sind.<br \/>Jene, die die Wahrheit bestm\u00f6glich darlegen k\u00f6nnen, sichern ihre Wahrnehmung durch die \u00d6ffentlichkeit.<\/span><\/span><\/p>\n<p style=\"text-align: center;\"><span style=\"color: #003366; font-size: 14pt;\">.<\/span><\/p>\n<p style=\"text-align: center;\"><span style=\"font-size: 18pt; color: #800000;\">Unser Service<\/span><\/p>\n<\/p><\/div>\n<\/p><\/div>\n<\/p><\/div>\n<\/p><\/div>\n<\/section>\n<section id=\"builder-section-text_80\" class=\"builder-section-prev-text builder-section builder-section-text builder-section-last builder-text-columns-3\" style=\"background-size: cover; background-repeat: no-repeat;background-position: center center;\">\n<div class=\"builder-section-content\">\n<div class=\"builder-text-row\">\n<div class=\"builder-text-column builder-text-column-1\" id=\"builder-section-text_80-column-1\">\n<div class=\"builder-text-content\">\n<p><a href=\"https:\/\/liveimpulse.com\/index.php\/main-purpose\/\" target=\"_blank\" rel=\"noopener noreferrer\"><img loading=\"lazy\" class=\"aligncenter wp-image-51 size-full\" src=\"https:\/\/liveimpulse.com\/wp-content\/uploads\/2020\/09\/LI-offen.jpg\" alt=\"\" width=\"960\" height=\"638\" srcset=\"https:\/\/liveimpulse.com\/wp-content\/uploads\/2020\/09\/LI-offen.jpg 960w, https:\/\/liveimpulse.com\/wp-content\/uploads\/2020\/09\/LI-offen-300x199.jpg 300w, https:\/\/liveimpulse.com\/wp-content\/uploads\/2020\/09\/LI-offen-768x510.jpg 768w\" sizes=\"(max-width: 960px) 100vw, 960px\" \/><\/a><\/p>\n<p style=\"text-align: center;\"><span style=\"color: #ff0000;\"><span style=\"color: #ff0000;\"><a style=\"color: #ff0000;\" href=\"https:\/\/liveimpulse.com\/index.php\/main-purpose\/\" target=\"_blank\" rel=\"noopener noreferrer\"><strong>\u2192 F\u00fcr unsere Kunden <br \/>B to C<\/strong><\/a><\/span><br \/><\/span><span style=\"color: #ff0000;\">Wir bieten fundiertes Wissen und praktische Hilfe f\u00fcr wesentliche Lebensabschnitte.<br \/>Wir helfen und verbinden Menschen, wenn sie es am meisten brauchen.<br \/>Wir verbessern das Leben unserer Kunden durch exzellente Hilfe und Unterst\u00fctzung.<\/span><\/p>\n<\/p><\/div>\n<\/p><\/div>\n<div class=\"builder-text-column builder-text-column-2\" id=\"builder-section-text_80-column-2\">\n<div class=\"builder-text-content\">\n<p><a href=\"https:\/\/liveimpulse.com\/index.php\/for-clients\/\" target=\"_blank\" rel=\"noopener noreferrer\"><img loading=\"lazy\" class=\"aligncenter wp-image-49 size-full\" src=\"https:\/\/liveimpulse.com\/wp-content\/uploads\/2020\/09\/LI-BtoB.jpg\" alt=\"\" width=\"960\" height=\"640\" srcset=\"https:\/\/liveimpulse.com\/wp-content\/uploads\/2020\/09\/LI-BtoB.jpg 960w, https:\/\/liveimpulse.com\/wp-content\/uploads\/2020\/09\/LI-BtoB-300x200.jpg 300w, https:\/\/liveimpulse.com\/wp-content\/uploads\/2020\/09\/LI-BtoB-768x512.jpg 768w\" sizes=\"(max-width: 960px) 100vw, 960px\" \/><\/a><\/p>\n<p style=\"text-align: center;\"><span style=\"color: #ff6600;\"><a style=\"color: #ff6600;\" href=\"https:\/\/liveimpulse.com\/index.php\/for-clients\/\" target=\"_blank\" rel=\"noopener noreferrer\"><strong>\u2192 F\u00fcr unsere Firmenkunden <br \/>B to B<\/strong><\/a><br \/><\/span><span style=\"color: #ff6600;\">Wir entwickeln und realisieren Kommunikationsstrategien f\u00fcr spezielle Zielgruppen.<br \/>Wir schreiben Artikel, drehen Videos, produzieren Printprodukte, programmieren IT-L\u00f6sungen und organisieren Events.<br \/>- ma\u00dfgeschneidert ganz nach Bedarf.<\/span><\/p>\n<\/p><\/div>\n<\/p><\/div>\n<div class=\"builder-text-column builder-text-column-3\" id=\"builder-section-text_80-column-3\">\n<div class=\"builder-text-content\">\n<p><a href=\"https:\/\/liveimpulse.com\/index.php\/for-partners\/\" target=\"_blank\" rel=\"noopener noreferrer\"><img loading=\"lazy\" class=\"aligncenter wp-image-55 size-full\" src=\"https:\/\/liveimpulse.com\/wp-content\/uploads\/2020\/09\/LI-partners.jpg\" alt=\"\" width=\"960\" height=\"638\" srcset=\"https:\/\/liveimpulse.com\/wp-content\/uploads\/2020\/09\/LI-partners.jpg 960w, https:\/\/liveimpulse.com\/wp-content\/uploads\/2020\/09\/LI-partners-300x199.jpg 300w, https:\/\/liveimpulse.com\/wp-content\/uploads\/2020\/09\/LI-partners-768x510.jpg 768w\" sizes=\"(max-width: 960px) 100vw, 960px\" \/><\/a><\/p>\n<p style=\"text-align: center;\"><span style=\"color: #993300;\"><a style=\"color: #993300;\" href=\"https:\/\/liveimpulse.com\/index.php\/for-partners\/\" target=\"_blank\" rel=\"noopener noreferrer\"><strong>\u2192 F\u00fcr unsere Partner <br \/>B plus B<\/strong><\/a><br \/><\/span><span style=\"color: #993300;\">Wir kooperieren mit verschiedenen Partnern um Effizienz und Erfolg f\u00fcr unsere Kunden und Auftraggeber zu vervielfachen.<br \/>Wir teilen und tauschen Dienste &amp; Aktivit\u00e4ten mit interessieren Partnern zum beiderseitigen Vorteil.<\/span><br \/><span style=\"color: #993300;\">.<\/span><\/p>\n<\/p><\/div>\n<\/p><\/div>\n<\/p><\/div>\n<\/p><\/div>\n<\/section>","protected":false},"excerpt":{"rendered":"<p>\u201cThe single biggest problem in communication is the illusion that it has taken place.\u201d George Bernhard Shaw\u00a0 Our age is hallmarked by information and communication \u2013at any time, in all shapes and colours, at every stage.Our perception always has been and still is a mixture\u00a0of knowing, assuming and feeling.Because the mere facts are subject of &hellip;<\/p>","protected":false},"author":1,"featured_media":0,"parent":0,"menu_order":0,"comment_status":"closed","ping_status":"closed","template":"template-builder.php","meta":[],"_links":{"self":[{"href":"https:\/\/liveimpulse.com\/de\/wp-json\/wp\/v2\/pages\/19"}],"collection":[{"href":"https:\/\/liveimpulse.com\/de\/wp-json\/wp\/v2\/pages"}],"about":[{"href":"https:\/\/liveimpulse.com\/de\/wp-json\/wp\/v2\/types\/page"}],"author":[{"embeddable":true,"href":"https:\/\/liveimpulse.com\/de\/wp-json\/wp\/v2\/users\/1"}],"replies":[{"embeddable":true,"href":"https:\/\/liveimpulse.com\/de\/wp-json\/wp\/v2\/comments?post=19"}],"version-history":[{"count":34,"href":"https:\/\/liveimpulse.com\/de\/wp-json\/wp\/v2\/pages\/19\/revisions"}],"predecessor-version":[{"id":631,"href":"https:\/\/liveimpulse.com\/de\/wp-json\/wp\/v2\/pages\/19\/revisions\/631"}],"wp:attachment":[{"href":"https:\/\/liveimpulse.com\/de\/wp-json\/wp\/v2\/media?parent=19"}],"curies":[{"name":"wp","href":"https:\/\/api.w.org\/{rel}","templated":true}]}}