{"id":161,"date":"2020-10-20T16:32:51","date_gmt":"2020-10-20T14:32:51","guid":{"rendered":"https:\/\/liveimpulse.com\/?page_id=161"},"modified":"2020-11-06T17:59:23","modified_gmt":"2020-11-06T16:59:23","slug":"events-photo-shooting","status":"publish","type":"page","link":"https:\/\/liveimpulse.com\/de\/events-photo-shooting\/","title":{"rendered":"Veranstaltungen &amp; Fotoshootings"},"content":{"rendered":"<section id=\"builder-section-text_28\" class=\"builder-section-first builder-section builder-section-text builder-section-last builder-text-columns-1\" style=\"background-size: cover; background-repeat: no-repeat;background-position: center center;\">\n<div class=\"builder-section-content\">\n<div class=\"builder-text-row\">\n<div class=\"builder-text-column builder-text-column-1\" id=\"builder-section-text_28-column-1\">\n<div class=\"builder-text-content\">\n<p style=\"text-align: center;\"><img loading=\"lazy\" class=\"alignnone size-full wp-image-325\" src=\"https:\/\/liveimpulse.com\/wp-content\/uploads\/2020\/11\/LI-event-300-a.jpg\" alt=\"\" width=\"300\" height=\"199\" \/> <img loading=\"lazy\" class=\"alignnone size-full wp-image-228\" src=\"https:\/\/liveimpulse.com\/wp-content\/uploads\/2020\/10\/LI-photo-shooting-1.jpg\" alt=\"\" width=\"300\" height=\"199\" \/>\u00a0 <\/p>\n<\/p><\/div>\n<\/p><\/div>\n<\/p><\/div>\n<div class=\"builder-text-row\">\n<div class=\"builder-text-column builder-text-column-2\" id=\"builder-section-text_28-column-1\">\n<div class=\"builder-text-content\">\n<p style=\"text-align: center;\"><span style=\"font-size: 14pt; color: #ff6600;\"><strong>Veranstaltungen, Fotoshootings, Pr\u00e4sentationen<\/strong><\/span><\/p>\n<p><span style=\"color: #003366;\">Ob Festivals, Firmen-Picknicks, Weinverkostungen, Bierzelte, Cocktail-Partys, internationale Gala-Dinner oder Mitarbeiterschulungen und Fotoshootings:<\/span><\/p>\n<p><span style=\"color: #ff6600;\"><strong>Unsere Erfahrungen umfassen ein breites Spektrum an Praxis auf allen Ebenen: von Veranstalutngen f\u00fcr die deutsche Bundesregierung \u00fcber internationale Fotokampagnen bis hin zu Schulungen f\u00fcr Verkaufspersonal.<\/strong><\/span><\/p>\n<p><span style=\"color: #003366;\">Wir sind mit allen Arten von Festlichkeiten bestens vertraut - und organisieren Ihren Auftritt musterg\u00fcltig von A bis Z.<\/span><\/p>\n<p><span style=\"color: #003366;\">Wir liefern Ihnen nicht nur kreative Ideen f\u00fcr Ihre Feier sondern \u00fcbernehmen auch die komplette Organisation - von der ersten Idee bis zur Nachbetreuung Ihrer G\u00e4ste.<\/span><\/p>\n<p><span style=\"color: #ff6600;\"><strong>\u00a0<\/strong><\/span><\/p>\n<\/p><\/div>\n<\/p><\/div>\n<\/p><\/div>\n<div class=\"builder-text-row\">\n<div class=\"builder-text-column builder-text-column-3\" id=\"builder-section-text_28-column-1\">\n<div class=\"builder-text-content\">\n\t\t\t\t\t\t\t\t\t\t\t<\/div>\n<\/p><\/div>\n<\/p><\/div>\n<\/p><\/div>\n<\/section>","protected":false},"excerpt":{"rendered":"<p>\u00a0 Events, Photo-Shootings, Presentations Whether it be festivals, company picnics, wine testings, beer tents, cocktail parties, international gala dinners or staff trainings and photo shootings: Our experiences include a wide range of practice on all levels: from events for the German Government over international photo campaigns up to trainings for sale staff. We are very &hellip;<\/p>","protected":false},"author":1,"featured_media":0,"parent":0,"menu_order":0,"comment_status":"closed","ping_status":"closed","template":"template-builder.php","meta":[],"_links":{"self":[{"href":"https:\/\/liveimpulse.com\/de\/wp-json\/wp\/v2\/pages\/161"}],"collection":[{"href":"https:\/\/liveimpulse.com\/de\/wp-json\/wp\/v2\/pages"}],"about":[{"href":"https:\/\/liveimpulse.com\/de\/wp-json\/wp\/v2\/types\/page"}],"author":[{"embeddable":true,"href":"https:\/\/liveimpulse.com\/de\/wp-json\/wp\/v2\/users\/1"}],"replies":[{"embeddable":true,"href":"https:\/\/liveimpulse.com\/de\/wp-json\/wp\/v2\/comments?post=161"}],"version-history":[{"count":14,"href":"https:\/\/liveimpulse.com\/de\/wp-json\/wp\/v2\/pages\/161\/revisions"}],"predecessor-version":[{"id":395,"href":"https:\/\/liveimpulse.com\/de\/wp-json\/wp\/v2\/pages\/161\/revisions\/395"}],"wp:attachment":[{"href":"https:\/\/liveimpulse.com\/de\/wp-json\/wp\/v2\/media?parent=161"}],"curies":[{"name":"wp","href":"https:\/\/api.w.org\/{rel}","templated":true}]}}