{"id":157,"date":"2020-10-20T16:30:12","date_gmt":"2020-10-20T14:30:12","guid":{"rendered":"https:\/\/liveimpulse.com\/?page_id=157"},"modified":"2020-11-06T17:47:53","modified_gmt":"2020-11-06T16:47:53","slug":"videos-movies","status":"publish","type":"page","link":"https:\/\/liveimpulse.com\/de\/videos-movies\/","title":{"rendered":"Videos &amp; Filme"},"content":{"rendered":"<section id=\"builder-section-text_28\" class=\"builder-section-first builder-section builder-section-text builder-section-last builder-text-columns-1\" style=\"background-size: cover; background-repeat: no-repeat;background-position: center center;\">\n<div class=\"builder-section-content\">\n<div class=\"builder-text-row\">\n<div class=\"builder-text-column builder-text-column-1\" id=\"builder-section-text_28-column-1\">\n<div class=\"builder-text-content\">\n<p style=\"text-align: center;\"><img loading=\"lazy\" class=\"alignnone size-full wp-image-322\" src=\"https:\/\/liveimpulse.com\/wp-content\/uploads\/2020\/11\/LI-Video-300-a.jpg\" alt=\"\" width=\"300\" height=\"199\" \/>\u00a0<img loading=\"lazy\" class=\"alignnone size-medium wp-image-197\" src=\"https:\/\/liveimpulse.com\/wp-content\/uploads\/2020\/10\/LI-Foto-300-1.jpg\" alt=\"\" width=\"300\" height=\"199\" \/><\/p>\n<\/p><\/div>\n<\/p><\/div>\n<\/p><\/div>\n<div class=\"builder-text-row\">\n<div class=\"builder-text-column builder-text-column-2\" id=\"builder-section-text_28-column-1\">\n<div class=\"builder-text-content\">\n<p style=\"text-align: center;\"><span style=\"font-size: 14pt; color: #808000;\"><strong>Videos &amp; Movies<\/strong><\/span><\/p>\n<p><span style=\"color: #003366;\">Laufende Bilder in Verbindung mit dem gesprochenen Wort ist vermutlich die  Kommunikation, welche unserem schnelllebigen Alltag am meisten entspricht. Kameraf\u00fchrung, Licht, Farben, Ton, L\u00e4nge und - das wichtigste von allem - der Schnitt sind die Ingredenzien, welche das Ergebnis und den Effekt bestimmen.<\/span><\/p>\n<p><span style=\"color: #003366;\">Und hier kommt die Erfahrung ins Spiel - denn je besser die Feinabstimmung dieser Kombinatinationen um so gr\u00f6\u00dfer ist der Effekt, den das Video oder der Film hat.<\/span><\/p>\n<p><span style=\"color: #808000;\"><strong>Wir haben das Gl\u00fcck, das brilliante Experten mit jahrelanger Erfahrung f\u00fcr uns arbeiten - denn der Mann hinter der Kamera mu\u00df auch die Person vor der Kamera verstehen, um den Erwartungen wirklich gerecht zu werden.<\/strong><\/span><\/p>\n<p><span style=\"color: #808000;\"><strong>Testen Sie doch einfach eine neue Dimension von Qualit\u00e4t.<\/strong><\/span><\/p>\n<\/p><\/div>\n<\/p><\/div>\n<\/p><\/div>\n<div class=\"builder-text-row\">\n<div class=\"builder-text-column builder-text-column-3\" id=\"builder-section-text_28-column-1\">\n<div class=\"builder-text-content\">\n\t\t\t\t\t\t\t\t\t\t\t<\/div>\n<\/p><\/div>\n<\/p><\/div>\n<\/p><\/div>\n<\/section>","protected":false},"excerpt":{"rendered":"<p>\u00a0 Videos &amp; Movies Running pictures in conjunction with spoken words are probably the most equivalent kind of communication for our fast-everyday lifestyle. Camera-movement, light, colours, sound, lenght and the most important part of all the trimming are the very ingredients which determine the result and effect. This is where experience really comes into play &hellip;<\/p>","protected":false},"author":1,"featured_media":0,"parent":0,"menu_order":0,"comment_status":"closed","ping_status":"closed","template":"template-builder.php","meta":[],"_links":{"self":[{"href":"https:\/\/liveimpulse.com\/de\/wp-json\/wp\/v2\/pages\/157"}],"collection":[{"href":"https:\/\/liveimpulse.com\/de\/wp-json\/wp\/v2\/pages"}],"about":[{"href":"https:\/\/liveimpulse.com\/de\/wp-json\/wp\/v2\/types\/page"}],"author":[{"embeddable":true,"href":"https:\/\/liveimpulse.com\/de\/wp-json\/wp\/v2\/users\/1"}],"replies":[{"embeddable":true,"href":"https:\/\/liveimpulse.com\/de\/wp-json\/wp\/v2\/comments?post=157"}],"version-history":[{"count":6,"href":"https:\/\/liveimpulse.com\/de\/wp-json\/wp\/v2\/pages\/157\/revisions"}],"predecessor-version":[{"id":393,"href":"https:\/\/liveimpulse.com\/de\/wp-json\/wp\/v2\/pages\/157\/revisions\/393"}],"wp:attachment":[{"href":"https:\/\/liveimpulse.com\/de\/wp-json\/wp\/v2\/media?parent=157"}],"curies":[{"name":"wp","href":"https:\/\/api.w.org\/{rel}","templated":true}]}}