{"id":153,"date":"2020-10-20T16:27:33","date_gmt":"2020-10-20T14:27:33","guid":{"rendered":"https:\/\/liveimpulse.com\/?page_id=153"},"modified":"2020-11-06T17:32:13","modified_gmt":"2020-11-06T16:32:13","slug":"communications-pr","status":"publish","type":"page","link":"https:\/\/liveimpulse.com\/de\/communications-pr\/","title":{"rendered":"Kommunikation &amp; PR"},"content":{"rendered":"<section id=\"builder-section-text_28\" class=\"builder-section-first builder-section builder-section-text builder-section-last builder-text-columns-1\" style=\"background-size: cover; background-repeat: no-repeat;background-position: center center;\">\n<div class=\"builder-section-content\">\n<div class=\"builder-text-row\">\n<div class=\"builder-text-column builder-text-column-1\" id=\"builder-section-text_28-column-1\">\n<div class=\"builder-text-content\">\n<p style=\"text-align: center;\"><img loading=\"lazy\" class=\"alignnone size-full wp-image-310\" src=\"https:\/\/liveimpulse.com\/wp-content\/uploads\/2020\/10\/LI-communications-1.jpg\" alt=\"\" width=\"300\" height=\"200\" \/>\u00a0<img loading=\"lazy\" class=\"alignnone size-medium wp-image-181\" src=\"https:\/\/liveimpulse.com\/wp-content\/uploads\/2020\/10\/Kommunikation-2-300x200.jpg\" alt=\"\" width=\"300\" height=\"200\" srcset=\"https:\/\/liveimpulse.com\/wp-content\/uploads\/2020\/10\/Kommunikation-2-300x200.jpg 300w, https:\/\/liveimpulse.com\/wp-content\/uploads\/2020\/10\/Kommunikation-2-1024x683.jpg 1024w, https:\/\/liveimpulse.com\/wp-content\/uploads\/2020\/10\/Kommunikation-2-768x512.jpg 768w, https:\/\/liveimpulse.com\/wp-content\/uploads\/2020\/10\/Kommunikation-2.jpg 1500w\" sizes=\"(max-width: 300px) 100vw, 300px\" \/><\/p>\n<\/p><\/div>\n<\/p><\/div>\n<\/p><\/div>\n<div class=\"builder-text-row\">\n<div class=\"builder-text-column builder-text-column-2\" id=\"builder-section-text_28-column-1\">\n<div class=\"builder-text-content\">\n<p style=\"text-align: center;\"><span style=\"font-size: 14pt;\"><span style=\"color: #800000;\"><strong>Kommunikation &amp; Public Relations<br \/><\/strong><\/span><strong><span style=\"color: #800000;\">- durch's Reden kommen d' Leut z'am.<\/span><br \/><\/strong><\/span><\/p>\n<p><span style=\"color: #003366;\">Die Leute reden immer - miteinander &amp; \u00fcbereinander, innerhalb &amp; au\u00dferhalb Ihrer Firma, in guten und und schlechten Zeiten und \u00fcber alle Grenzen hinweg.<br \/>Stellen Sie sicher, da\u00df es <em>Ihre<\/em> Geschichte und Version ist, die zirkuliert, bevor man \u00fcber Sie redet.<br \/><strong><span style=\"color: #800000;\">Wir setzen alles in Worte, das der Rede wert ist. Unsere Texte werden Ihren Kunden die Augen \u00f6ffnen <\/span><\/strong>-<span style=\"color: #800000;\"> \u00fcber Hintergr\u00fcnde, die Sie in den Vordergrund stellen - f\u00fcr Drucksachen und Ver\u00f6ffentlichungen aller Art.<\/span><br \/><span style=\"color: #800000;\"><strong>Reden Sie einfach mit uns.<\/strong><\/span><br \/><\/span><\/p>\n<p><span style=\"color: #003366;\">\u00dcber die Arbeit mit Worten gibt es viel zu sagen. Die Sparten nennen sich Corporate Communications, Public Affairs, Internationale PR und Krisenkommunikation.<br \/><\/span><span style=\"color: #003366;\">Wir geben Ihnen hier einen kurzen \u00dcberblick.<\/span><\/p>\n<p><strong><span style=\"color: #003366;\">Corporate Communications<\/span><\/strong><span style=\"color: #003366;\"> ist die hohe Kunst der Unternehmensf\u00fchrung durch Kommunikation - innerhalb und au\u00dferhalb eines Unternehmens. Firmen sind soziale Gebilde und damit sehr beeinflu\u00dfbar <strong>durch Meinungen und Stimmungen von Menschen.<\/strong><\/span><\/p>\n<p><strong><span style=\"color: #003366;\">Public<\/span><\/strong><span style=\"color: #003366;\"> <strong>Affairs<\/strong> ist der kommunikative Balanceakt eines Unternehmens <strong>zwischen Wirtschaft, Politik und Gesellschaft.<\/strong>Diese Sparte der Kommunikation hat augenblicklich Hochkonjunktur.<br \/><\/span><\/p>\n<p><strong><span style=\"font-size: 13.0pt; color: #003366;\">International PR<\/span><\/strong><span style=\"font-size: 13.0pt; color: #003366;\"> betrifft nicht nur globale Unternehmen. Besonders kleine(re) Marken und Regionen profitieren von <strong>einem positiven Bild<\/strong> in den K\u00f6pfen ihrer Nachbarn.<br \/>Was assoziieren Sie z.B. mit N\u00fcrnberger Lebkuchen, Schweizer Schokolade oder Wiener Kaffee? Eben.<\/span><\/p>\n<p><span style=\"color: #003366;\"><strong>Krisenkommunikation <\/strong>ist die Nagelprobe der \u201eRedekunst\u201c eines Unternehmens. Die richtigen Worte zu richtigen Zeit k\u00f6nnen helfen,<strong> Krisen fr\u00fchzeitig zu erkennen,<\/strong>zu bew\u00e4ltigen und nachtr\u00e4glich zu kalmieren.<\/span><\/p>\n<p><span style=\"color: #000080;\"><strong>\u00a0<\/strong><\/span><\/p>\n<\/p><\/div>\n<\/p><\/div>\n<\/p><\/div>\n<div class=\"builder-text-row\">\n<div class=\"builder-text-column builder-text-column-3\" id=\"builder-section-text_28-column-1\">\n<div class=\"builder-text-content\">\n\t\t\t\t\t\t\t\t\t\t\t<\/div>\n<\/p><\/div>\n<\/p><\/div>\n<\/p><\/div>\n<\/section>","protected":false},"excerpt":{"rendered":"<p>\u00a0 Communications &amp; Public Relations &#8211;because talking brings people together. People always talk \u2013 with one another &amp; about each other, within and outside of your company, in good and in bad times and across all boundaries.Make sure that it is your story &amp; version that goes round before one is talking about you.We put &hellip;<\/p>","protected":false},"author":1,"featured_media":0,"parent":0,"menu_order":0,"comment_status":"closed","ping_status":"closed","template":"template-builder.php","meta":[],"_links":{"self":[{"href":"https:\/\/liveimpulse.com\/de\/wp-json\/wp\/v2\/pages\/153"}],"collection":[{"href":"https:\/\/liveimpulse.com\/de\/wp-json\/wp\/v2\/pages"}],"about":[{"href":"https:\/\/liveimpulse.com\/de\/wp-json\/wp\/v2\/types\/page"}],"author":[{"embeddable":true,"href":"https:\/\/liveimpulse.com\/de\/wp-json\/wp\/v2\/users\/1"}],"replies":[{"embeddable":true,"href":"https:\/\/liveimpulse.com\/de\/wp-json\/wp\/v2\/comments?post=153"}],"version-history":[{"count":16,"href":"https:\/\/liveimpulse.com\/de\/wp-json\/wp\/v2\/pages\/153\/revisions"}],"predecessor-version":[{"id":391,"href":"https:\/\/liveimpulse.com\/de\/wp-json\/wp\/v2\/pages\/153\/revisions\/391"}],"wp:attachment":[{"href":"https:\/\/liveimpulse.com\/de\/wp-json\/wp\/v2\/media?parent=153"}],"curies":[{"name":"wp","href":"https:\/\/api.w.org\/{rel}","templated":true}]}}