{"id":105,"date":"2020-10-04T20:00:40","date_gmt":"2020-10-04T18:00:40","guid":{"rendered":"https:\/\/liveimpulse.com\/?page_id=105"},"modified":"2022-02-15T14:40:00","modified_gmt":"2022-02-15T13:40:00","slug":"services-for-medical-partners","status":"publish","type":"page","link":"https:\/\/liveimpulse.com\/de\/services-for-medical-partners\/","title":{"rendered":"Service f\u00fcr medizinische Partner"},"content":{"rendered":"<section id=\"builder-section-text_28\" class=\"builder-section-first builder-section builder-section-text builder-section-next-text builder-text-columns-1\" style=\"background-size: cover; background-repeat: no-repeat;background-position: center center;\">\n<div class=\"builder-section-content\">\n<div class=\"builder-text-row\">\n<div class=\"builder-text-column builder-text-column-1\" id=\"builder-section-text_28-column-1\">\n<div class=\"builder-text-content\">\n<p style=\"text-align: center;\"><span style=\"font-size: 18pt;\"><span style=\"color: #003366;\">Unser Service f\u00fcr medizinische Partner<\/span><br \/><\/span><\/p>\n<p><img loading=\"lazy\" class=\"aligncenter wp-image-550 size-full\" src=\"https:\/\/liveimpulse.com\/wp-content\/uploads\/2022\/02\/website-medical-2.png\" alt=\"\" width=\"844\" height=\"560\" srcset=\"https:\/\/liveimpulse.com\/wp-content\/uploads\/2022\/02\/website-medical-2.png 844w, https:\/\/liveimpulse.com\/wp-content\/uploads\/2022\/02\/website-medical-2-300x199.png 300w, https:\/\/liveimpulse.com\/wp-content\/uploads\/2022\/02\/website-medical-2-768x510.png 768w, https:\/\/liveimpulse.com\/wp-content\/uploads\/2022\/02\/website-medical-2-16x12.png 16w\" sizes=\"(max-width: 844px) 100vw, 844px\" \/><\/p>\n<p><span style=\"color: #000080;\">Zur Unterst\u00fctzung Ihres Kundenservices bieten wir Ihnen unseren <strong>kostenlosen Ratgeber f\u00fcr Menschen in allen Lebenslagen,<\/strong> <strong>f\u00fcr Menschen in allen Lebensphasen.<\/strong> .<\/span><br \/><span style=\"color: #003366;\"><span style=\"color: #000080;\">Alle werden gem\u00e4\u00df Ihren Bed\u00fcrfnissen, Zielen und W\u00fcnschen entwickelt und produziert. Sie enthalten genau jene Informationen, welche Sie Ihren Kunden \u00fcberreichen m\u00f6chten.<\/span><\/span><\/p>\n<\/p><\/div>\n<\/p><\/div>\n<\/p><\/div>\n<\/p><\/div>\n<\/section>\n<section id=\"builder-section-text_60\" class=\"builder-section-prev-text builder-section builder-section-text builder-section-last builder-text-columns-2\" style=\"background-size: cover; background-repeat: no-repeat;background-position: center center;\">\n<div class=\"builder-section-content\">\n<div class=\"builder-text-row\">\n<div class=\"builder-text-column builder-text-column-1\" id=\"builder-section-text_60-column-1\">\n<div class=\"builder-text-content\">\n<p>\u00a0<\/p>\n<p><img loading=\"lazy\" class=\"aligncenter wp-image-207 size-full\" src=\"https:\/\/liveimpulse.com\/wp-content\/uploads\/2020\/10\/LI-purpose-family.jpg\" alt=\"\" width=\"300\" height=\"200\" \/>\u00a0<\/p>\n<\/p><\/div>\n<\/p><\/div>\n<div class=\"builder-text-column builder-text-column-2\" id=\"builder-section-text_60-column-2\">\n<div class=\"builder-text-content\">\n<p><span style=\"color: #008080;\"><strong>Gesundheitshilfen und Wissen z.B. f\u00fcr<\/strong><\/span><\/p>\n<ul>\n<li><span style=\"color: #008080;\">besondere Umst\u00e4nde<\/span><\/li>\n<li><span style=\"color: #008080;\">Babys und Kleinkinder<\/span><\/li>\n<li><span style=\"color: #008080;\">die Lebensmitte<\/span><\/li>\n<li><span style=\"color: #008080;\">Zeitbedingte Krisen<\/span><\/li>\n<li><span style=\"color: #008080;\">vor\u00fcbergehende interne Krisen\u00a0<\/span><\/li>\n<li><span style=\"color: #008080;\">Diabetes\u00a0<\/span><\/li>\n<li><span style=\"color: #008080;\">Fitness, Wohlbefinden und viel mehr.<\/span><\/li>\n<\/ul>\n<p><span style=\"color: #4b86b4;\"><strong>Wenn Sie ein ma\u00dfgeschneiderten Ratgeber als Ihre eigene Ausgabe beziehen wollen, freuen wir uns auf Ihre Anfrage.<\/strong><\/span><\/p>\n<ul>\n<li>\n<div class=\"wpcf7 no-js\" id=\"wpcf7-f420-o1\" lang=\"de-DE\" dir=\"ltr\">\n<div class=\"screen-reader-response\"><p role=\"status\" aria-live=\"polite\" aria-atomic=\"true\"><\/p> <ul><\/ul><\/div>\n<form action=\"\/de\/wp-json\/wp\/v2\/pages\/105#wpcf7-f420-o1\" method=\"post\" class=\"wpcf7-form init\" aria-label=\"Kontaktformular\" novalidate=\"novalidate\" data-status=\"init\" data-trp-original-action=\"\/de\/wp-json\/wp\/v2\/pages\/105#wpcf7-f420-o1\">\n<div style=\"display: none;\">\n<input type=\"hidden\" name=\"_wpcf7\" value=\"420\" \/>\n<input type=\"hidden\" name=\"_wpcf7_version\" value=\"5.7.4\" \/>\n<input type=\"hidden\" name=\"_wpcf7_locale\" value=\"de_DE\" \/>\n<input type=\"hidden\" name=\"_wpcf7_unit_tag\" value=\"wpcf7-f420-o1\" \/>\n<input type=\"hidden\" name=\"_wpcf7_container_post\" value=\"0\" \/>\n<input type=\"hidden\" name=\"_wpcf7_posted_data_hash\" value=\"\" \/>\n<\/div>\n<p><label> Ihr Titel, Vorname und Nachname<br \/>\n<span class=\"wpcf7-form-control-wrap\" data-name=\"your-name\"><input size=\"40\" class=\"wpcf7-form-control wpcf7-text wpcf7-validates-as-required\" aria-required=\"true\" aria-invalid=\"false\" value=\"\" type=\"text\" name=\"your-name\" \/><\/span> <\/label>\n<\/p>\n<p><label> Ihre Emailadresse<br \/>\n<span class=\"wpcf7-form-control-wrap\" data-name=\"your-email\"><input size=\"40\" class=\"wpcf7-form-control wpcf7-text wpcf7-email wpcf7-validates-as-required wpcf7-validates-as-email\" aria-required=\"true\" aria-invalid=\"false\" value=\"\" type=\"email\" name=\"your-email\" \/><\/span> <\/label>\n<\/p>\n<p><label> Ihre Telefonnummer<br \/>\n<span class=\"wpcf7-form-control-wrap\" data-name=\"tel-906\"><input size=\"40\" class=\"wpcf7-form-control wpcf7-text wpcf7-tel wpcf7-validates-as-tel\" aria-invalid=\"false\" value=\"\" type=\"tel\" name=\"tel-906\" \/><\/span> <\/label>\n<\/p>\n<p><label> Ihr Fachgebiet<br \/>\n<span class=\"wpcf7-form-control-wrap\" data-name=\"your-business\"><textarea cols=\"40\" rows=\"10\" class=\"wpcf7-form-control wpcf7-textarea\" aria-invalid=\"false\" name=\"your-business\"><\/textarea><\/span> <\/label>\n<\/p>\n<p><label> Bitte \u00fcbermitteln Sie mir weitere Details \u00fcber  eine m\u00f6gliche Zusammenarbeit. Danke.<br \/>\n<\/label>\n<\/p>\n<p><label> Ihre zus\u00e4tzliche Nachricht<br \/>\n<span class=\"wpcf7-form-control-wrap\" data-name=\"your-message\"><textarea cols=\"40\" rows=\"10\" class=\"wpcf7-form-control wpcf7-textarea\" aria-invalid=\"false\" name=\"your-message\"><\/textarea><\/span> <\/label>\n<\/p>\n<p><span class=\"wpcf7-form-control-wrap\" data-name=\"capital-quiz\"><label><span class=\"wpcf7-quiz-label\">The capital of Japan?<\/span> <input size=\"40\" class=\"wpcf7-form-control wpcf7-quiz\" autocomplete=\"off\" aria-required=\"true\" aria-invalid=\"false\" type=\"text\" name=\"capital-quiz\" \/><\/label><input type=\"hidden\" name=\"_wpcf7_quiz_answer_capital-quiz\" value=\"0587956d06aa4c9135d6a72408470317\" \/><\/span>\n<\/p>\n<p><input class=\"wpcf7-form-control has-spinner wpcf7-submit\" type=\"submit\" value=\"Senden\" \/>\n<\/p><div class=\"wpcf7-response-output\" aria-hidden=\"true\"><\/div>\n<input type=\"hidden\" name=\"trp-form-language\" value=\"de\"\/><\/form>\n<\/div>\n<\/li>\n<\/ul><\/div>\n<\/p><\/div>\n<\/p><\/div>\n<div class=\"builder-text-row\">\n<div class=\"builder-text-column builder-text-column-3\" id=\"builder-section-text_60-column-1\">\n<div class=\"builder-text-content\">\n\t\t\t\t\t\t\t\t\t\t\t<\/div>\n<\/p><\/div>\n<div class=\"builder-text-column builder-text-column-4\" id=\"builder-section-text_60-column-2\">\n<div class=\"builder-text-content\">\n\t\t\t\t\t\t\t\t\t\t\t<\/div>\n<\/p><\/div>\n<\/p><\/div>\n<\/p><\/div>\n<\/section>","protected":false},"excerpt":{"rendered":"<p>Our services for provider of medical services As a support for your customer-services we offer you our free guidebooks for people in all stages of life .All will be developed and produce according to your needs, goals and wishes &#8211; containing the special information you want to hand out to your customers. \u00a0 \u00a0 Health &hellip;<\/p>","protected":false},"author":1,"featured_media":0,"parent":0,"menu_order":0,"comment_status":"closed","ping_status":"closed","template":"template-builder.php","meta":[],"_links":{"self":[{"href":"https:\/\/liveimpulse.com\/de\/wp-json\/wp\/v2\/pages\/105"}],"collection":[{"href":"https:\/\/liveimpulse.com\/de\/wp-json\/wp\/v2\/pages"}],"about":[{"href":"https:\/\/liveimpulse.com\/de\/wp-json\/wp\/v2\/types\/page"}],"author":[{"embeddable":true,"href":"https:\/\/liveimpulse.com\/de\/wp-json\/wp\/v2\/users\/1"}],"replies":[{"embeddable":true,"href":"https:\/\/liveimpulse.com\/de\/wp-json\/wp\/v2\/comments?post=105"}],"version-history":[{"count":31,"href":"https:\/\/liveimpulse.com\/de\/wp-json\/wp\/v2\/pages\/105\/revisions"}],"predecessor-version":[{"id":558,"href":"https:\/\/liveimpulse.com\/de\/wp-json\/wp\/v2\/pages\/105\/revisions\/558"}],"wp:attachment":[{"href":"https:\/\/liveimpulse.com\/de\/wp-json\/wp\/v2\/media?parent=105"}],"curies":[{"name":"wp","href":"https:\/\/api.w.org\/{rel}","templated":true}]}}